{"id":615,"date":"2024-10-24T13:52:27","date_gmt":"2024-10-24T16:52:27","guid":{"rendered":"https:\/\/spps.gob.ar\/?page_id=615"},"modified":"2025-06-20T02:59:27","modified_gmt":"2025-06-20T05:59:27","slug":"noticias","status":"publish","type":"page","link":"https:\/\/spps.gob.ar\/?page_id=615","title":{"rendered":"Prensa"},"content":{"rendered":"\n<div style=\"height:50px\" aria-hidden=\"true\" class=\"wp-block-spacer\"><\/div>\n\n\n\n<h3 class=\"wp-block-heading has-text-align-center has-black-color has-text-color has-large-font-size\">\u00daltimas Noticias Destacadas<\/h3>\n\n\n\n<div class=\"wp-block-cover alignfull is-light hestia-clear-top-padding has-ast-global-color-8-color has-text-color has-link-color wp-elements-8a5dffcd4dc950b95d18e14afb8d42fe\"><span aria-hidden=\"true\" class=\"wp-block-cover__background has-white-background-color has-background-dim-100 has-background-dim\"><\/span><div class=\"wp-block-cover__inner-container is-layout-flow wp-block-cover-is-layout-flow\">\n\t\t\t<div class=\"wp-block-uagb-post-grid uagb-post-grid  uagb-post__image-position-top uagb-post__image-enabled uagb-block-abaf0396     uagb-post__items uagb-post__columns-3 is-grid uagb-post__columns-tablet-2 uagb-post__columns-mobile-1 uagb-post__equal-height\" data-total=\"18\" style=\"\">\n\n\t\t\t\t\t\t\t\t\t\t\t\t<article class=\"uagb-post__inner-wrap\">\t\t\t\t\t\t\t\t<div class='uagb-post__image'>\n\t\t\t\t\t\t\t\t\t<a href=\"https:\/\/spps.gob.ar\/?p=5229\" target=\"_self\" rel=\"bookmark noopener noreferrer\" class='uagb-image-ratio-inherit'><img loading=\"lazy\" decoding=\"async\" width=\"1024\" height=\"768\" src=\"https:\/\/spps.gob.ar\/wp-content\/uploads\/2026\/05\/684155129_952647307517491_9150942165051479844_n-1-1024x768.jpg\" class=\"attachment-large size-large\" alt=\"\" srcset=\"https:\/\/spps.gob.ar\/wp-content\/uploads\/2026\/05\/684155129_952647307517491_9150942165051479844_n-1-1024x768.jpg 1024w, https:\/\/spps.gob.ar\/wp-content\/uploads\/2026\/05\/684155129_952647307517491_9150942165051479844_n-1-300x225.jpg 300w, https:\/\/spps.gob.ar\/wp-content\/uploads\/2026\/05\/684155129_952647307517491_9150942165051479844_n-1-768x576.jpg 768w, https:\/\/spps.gob.ar\/wp-content\/uploads\/2026\/05\/684155129_952647307517491_9150942165051479844_n-1-1536x1152.jpg 1536w, https:\/\/spps.gob.ar\/wp-content\/uploads\/2026\/05\/684155129_952647307517491_9150942165051479844_n-1.jpg 1600w\" sizes=\"auto, (max-width: 1024px) 100vw, 1024px\" \/>\t\t\t\t\t<\/a>\n\t\t\t\t\t\t\t<\/div>\n\t\t\t\t\t\t<h5 class=\"uagb-post__title uagb-post__text\">\n\t\t\t\t<a href=\"https:\/\/spps.gob.ar\/?p=5229\" target=\"_self\" rel=\"bookmark noopener noreferrer\">Personal Penitenciario de diversas dependencias participaron del VII CURSO NACIONAL DE SUPERVIVENCIA POLICIAL Y CUSTODIAS ESPECIALE<\/a>\n\t\t\t<\/h5>\n\t\t\t\t\t\t<div class='uagb-post__text uagb-post-grid-byline'>\n\t\t\t\t\t\t\t\t<time datetime=\"2026-05-04T10:19:25-03:00\" class=\"uagb-post__date\">\n\t\t\t\t<span class=\"dashicons-calendar dashicons\"><\/span>\t\t\t\t\t4 mayo, 2026\t\t\t\t<\/time>\n\t\t\t\t\t\t\t<span class=\"uagb-post__comment\">\n\t\t\t\t<span class=\"dashicons-admin-comments dashicons\"><\/span>\t\t\t\t\tNo hay comentarios\t\t\t\t<\/span>\n\t\t\t\t\t\t<\/div>\n\t\t\t\t\t\t\t<div class='uagb-post__text uagb-post__excerpt'>\n\t\t\t\t\t<p>La capacitaci\u00f3n se realizo en la Provincia de Catamarca del 06 al 26 de abril&#8230;\t\t\t\t<\/div>\n\t\t\t\t\t\t<div class=\"uagb-post__text uagb-post__cta wp-block-button\">\n\t\t\t\t<a class=\"wp-block-button__link uagb-text-link\" style=\"\" href=\"https:\/\/spps.gob.ar\/?p=5229\" target=\"_self\" rel=\"bookmark noopener noreferrer\">Leer m\u00e1s<\/a>\n\t\t\t<\/div>\n\t\t\t\n\t\t\t\t\t\t\t\t\t<\/article>\n\t\t\t\t\t\t\t\t\t\t\t\t\t\t\t\t<article class=\"uagb-post__inner-wrap\">\t\t\t\t\t\t\t\t<div class='uagb-post__image'>\n\t\t\t\t\t\t\t\t\t<a href=\"https:\/\/spps.gob.ar\/?p=5235\" target=\"_self\" rel=\"bookmark noopener noreferrer\" class='uagb-image-ratio-inherit'><img loading=\"lazy\" decoding=\"async\" width=\"1024\" height=\"576\" src=\"https:\/\/spps.gob.ar\/wp-content\/uploads\/2026\/05\/685468970_954025847379637_2081352817006677165_n-1024x576.jpg\" class=\"attachment-large size-large\" alt=\"\" srcset=\"https:\/\/spps.gob.ar\/wp-content\/uploads\/2026\/05\/685468970_954025847379637_2081352817006677165_n-1024x576.jpg 1024w, https:\/\/spps.gob.ar\/wp-content\/uploads\/2026\/05\/685468970_954025847379637_2081352817006677165_n-300x169.jpg 300w, https:\/\/spps.gob.ar\/wp-content\/uploads\/2026\/05\/685468970_954025847379637_2081352817006677165_n-768x432.jpg 768w, https:\/\/spps.gob.ar\/wp-content\/uploads\/2026\/05\/685468970_954025847379637_2081352817006677165_n-1536x864.jpg 1536w, https:\/\/spps.gob.ar\/wp-content\/uploads\/2026\/05\/685468970_954025847379637_2081352817006677165_n.jpg 1600w\" sizes=\"auto, (max-width: 1024px) 100vw, 1024px\" \/>\t\t\t\t\t<\/a>\n\t\t\t\t\t\t\t<\/div>\n\t\t\t\t\t\t<h5 class=\"uagb-post__title uagb-post__text\">\n\t\t\t\t<a href=\"https:\/\/spps.gob.ar\/?p=5235\" target=\"_self\" rel=\"bookmark noopener noreferrer\">XI ANIVERSARIO DE LA ALCAID\u00cdA N\u00b0 2 &#8211; TARTAGAL<\/a>\n\t\t\t<\/h5>\n\t\t\t\t\t\t<div class='uagb-post__text uagb-post-grid-byline'>\n\t\t\t\t\t\t\t\t<time datetime=\"2026-05-03T13:17:29-03:00\" class=\"uagb-post__date\">\n\t\t\t\t<span class=\"dashicons-calendar dashicons\"><\/span>\t\t\t\t\t3 mayo, 2026\t\t\t\t<\/time>\n\t\t\t\t\t\t\t<span class=\"uagb-post__comment\">\n\t\t\t\t<span class=\"dashicons-admin-comments dashicons\"><\/span>\t\t\t\t\tNo hay comentarios\t\t\t\t<\/span>\n\t\t\t\t\t\t<\/div>\n\t\t\t\t\t\t\t<div class='uagb-post__text uagb-post__excerpt'>\n\t\t\t\t\t<p>\u200bCon un acto protocolar, se celebr\u00f3 el 11\u00b0 aniversario de la Alcaid\u00eda N\u00b0 2, con&#8230;\t\t\t\t<\/div>\n\t\t\t\t\t\t<div class=\"uagb-post__text uagb-post__cta wp-block-button\">\n\t\t\t\t<a class=\"wp-block-button__link uagb-text-link\" style=\"\" href=\"https:\/\/spps.gob.ar\/?p=5235\" target=\"_self\" rel=\"bookmark noopener noreferrer\">Leer m\u00e1s<\/a>\n\t\t\t<\/div>\n\t\t\t\n\t\t\t\t\t\t\t\t\t<\/article>\n\t\t\t\t\t\t\t\t\t\t\t\t\t\t\t\t<article class=\"uagb-post__inner-wrap\">\t\t\t\t\t\t\t\t<div class='uagb-post__image'>\n\t\t\t\t\t\t\t\t\t<a href=\"https:\/\/spps.gob.ar\/?p=5222\" target=\"_self\" rel=\"bookmark noopener noreferrer\" class='uagb-image-ratio-inherit'><img loading=\"lazy\" decoding=\"async\" width=\"1024\" height=\"576\" src=\"https:\/\/spps.gob.ar\/wp-content\/uploads\/2026\/05\/684299000_952647150850840_4008819662580810331_n-1024x576.jpg\" class=\"attachment-large size-large\" alt=\"\" srcset=\"https:\/\/spps.gob.ar\/wp-content\/uploads\/2026\/05\/684299000_952647150850840_4008819662580810331_n-1024x576.jpg 1024w, https:\/\/spps.gob.ar\/wp-content\/uploads\/2026\/05\/684299000_952647150850840_4008819662580810331_n-300x169.jpg 300w, https:\/\/spps.gob.ar\/wp-content\/uploads\/2026\/05\/684299000_952647150850840_4008819662580810331_n-768x432.jpg 768w, https:\/\/spps.gob.ar\/wp-content\/uploads\/2026\/05\/684299000_952647150850840_4008819662580810331_n.jpg 1066w\" sizes=\"auto, (max-width: 1024px) 100vw, 1024px\" \/>\t\t\t\t\t<\/a>\n\t\t\t\t\t\t\t<\/div>\n\t\t\t\t\t\t<h5 class=\"uagb-post__title uagb-post__text\">\n\t\t\t\t<a href=\"https:\/\/spps.gob.ar\/?p=5222\" target=\"_self\" rel=\"bookmark noopener noreferrer\">Construyen un sistema de alojamiento modular en la unidad penitenciaria de Tartagal<\/a>\n\t\t\t<\/h5>\n\t\t\t\t\t\t<div class='uagb-post__text uagb-post-grid-byline'>\n\t\t\t\t\t\t\t\t<time datetime=\"2026-05-01T10:12:28-03:00\" class=\"uagb-post__date\">\n\t\t\t\t<span class=\"dashicons-calendar dashicons\"><\/span>\t\t\t\t\t1 mayo, 2026\t\t\t\t<\/time>\n\t\t\t\t\t\t\t<span class=\"uagb-post__comment\">\n\t\t\t\t<span class=\"dashicons-admin-comments dashicons\"><\/span>\t\t\t\t\tNo hay comentarios\t\t\t\t<\/span>\n\t\t\t\t\t\t<\/div>\n\t\t\t\t\t\t\t<div class='uagb-post__text uagb-post__excerpt'>\n\t\t\t\t\t<p>Se encuentra en el predio localizado en el barrio Santa Mar\u00eda. El objetivo es optimizar&#8230;\t\t\t\t<\/div>\n\t\t\t\t\t\t<div class=\"uagb-post__text uagb-post__cta wp-block-button\">\n\t\t\t\t<a class=\"wp-block-button__link uagb-text-link\" style=\"\" href=\"https:\/\/spps.gob.ar\/?p=5222\" target=\"_self\" rel=\"bookmark noopener noreferrer\">Leer m\u00e1s<\/a>\n\t\t\t<\/div>\n\t\t\t\n\t\t\t\t\t\t\t\t\t<\/article>\n\t\t\t\t\t\t\t\t\t\t\t\t\t\t\t\t<article class=\"uagb-post__inner-wrap\">\t\t\t\t\t\t\t\t<div class='uagb-post__image'>\n\t\t\t\t\t\t\t\t\t<a href=\"https:\/\/spps.gob.ar\/?p=5210\" target=\"_self\" rel=\"bookmark noopener noreferrer\" class='uagb-image-ratio-inherit'><img loading=\"lazy\" decoding=\"async\" width=\"1024\" height=\"576\" src=\"https:\/\/spps.gob.ar\/wp-content\/uploads\/2026\/05\/685069585_951789604269928_2202281235359131686_n-1024x576.jpg\" class=\"attachment-large size-large\" alt=\"\" srcset=\"https:\/\/spps.gob.ar\/wp-content\/uploads\/2026\/05\/685069585_951789604269928_2202281235359131686_n-1024x576.jpg 1024w, https:\/\/spps.gob.ar\/wp-content\/uploads\/2026\/05\/685069585_951789604269928_2202281235359131686_n-300x169.jpg 300w, https:\/\/spps.gob.ar\/wp-content\/uploads\/2026\/05\/685069585_951789604269928_2202281235359131686_n-768x432.jpg 768w, https:\/\/spps.gob.ar\/wp-content\/uploads\/2026\/05\/685069585_951789604269928_2202281235359131686_n.jpg 1184w\" sizes=\"auto, (max-width: 1024px) 100vw, 1024px\" \/>\t\t\t\t\t<\/a>\n\t\t\t\t\t\t\t<\/div>\n\t\t\t\t\t\t<h5 class=\"uagb-post__title uagb-post__text\">\n\t\t\t\t<a href=\"https:\/\/spps.gob.ar\/?p=5210\" target=\"_self\" rel=\"bookmark noopener noreferrer\">D\u00eda del Animal en Atocha II<\/a>\n\t\t\t<\/h5>\n\t\t\t\t\t\t<div class='uagb-post__text uagb-post-grid-byline'>\n\t\t\t\t\t\t\t\t<time datetime=\"2026-05-01T09:50:01-03:00\" class=\"uagb-post__date\">\n\t\t\t\t<span class=\"dashicons-calendar dashicons\"><\/span>\t\t\t\t\t1 mayo, 2026\t\t\t\t<\/time>\n\t\t\t\t\t\t\t<span class=\"uagb-post__comment\">\n\t\t\t\t<span class=\"dashicons-admin-comments dashicons\"><\/span>\t\t\t\t\tNo hay comentarios\t\t\t\t<\/span>\n\t\t\t\t\t\t<\/div>\n\t\t\t\t\t\t\t<div class='uagb-post__text uagb-post__excerpt'>\n\t\t\t\t\t<p>Se vivi\u00f3 una jornada muy especial en la Escuela N\u00b0 4848 \u201cNuestra Se\u00f1ora de Atocha\u201d&#8230;\t\t\t\t<\/div>\n\t\t\t\t\t\t<div class=\"uagb-post__text uagb-post__cta wp-block-button\">\n\t\t\t\t<a class=\"wp-block-button__link uagb-text-link\" style=\"\" href=\"https:\/\/spps.gob.ar\/?p=5210\" target=\"_self\" rel=\"bookmark noopener noreferrer\">Leer m\u00e1s<\/a>\n\t\t\t<\/div>\n\t\t\t\n\t\t\t\t\t\t\t\t\t<\/article>\n\t\t\t\t\t\t\t\t\t\t\t\t\t\t\t\t<article class=\"uagb-post__inner-wrap\">\t\t\t\t\t\t\t\t<div class='uagb-post__image'>\n\t\t\t\t\t\t\t\t\t<a href=\"https:\/\/spps.gob.ar\/?p=5185\" target=\"_self\" rel=\"bookmark noopener noreferrer\" class='uagb-image-ratio-inherit'><img loading=\"lazy\" decoding=\"async\" width=\"576\" height=\"1024\" src=\"https:\/\/spps.gob.ar\/wp-content\/uploads\/2026\/04\/WhatsApp-Image-2026-04-29-at-09.53.53-576x1024.jpeg\" class=\"attachment-large size-large\" alt=\"\" srcset=\"https:\/\/spps.gob.ar\/wp-content\/uploads\/2026\/04\/WhatsApp-Image-2026-04-29-at-09.53.53-576x1024.jpeg 576w, https:\/\/spps.gob.ar\/wp-content\/uploads\/2026\/04\/WhatsApp-Image-2026-04-29-at-09.53.53-169x300.jpeg 169w, https:\/\/spps.gob.ar\/wp-content\/uploads\/2026\/04\/WhatsApp-Image-2026-04-29-at-09.53.53.jpeg 720w\" sizes=\"auto, (max-width: 576px) 100vw, 576px\" \/>\t\t\t\t\t<\/a>\n\t\t\t\t\t\t\t<\/div>\n\t\t\t\t\t\t<h5 class=\"uagb-post__title uagb-post__text\">\n\t\t\t\t<a href=\"https:\/\/spps.gob.ar\/?p=5185\" target=\"_self\" rel=\"bookmark noopener noreferrer\">El Servicio Penitenciario realizar\u00e1 exposici\u00f3n y venta de productos por el D\u00eda del Trabajador<\/a>\n\t\t\t<\/h5>\n\t\t\t\t\t\t<div class='uagb-post__text uagb-post-grid-byline'>\n\t\t\t\t\t\t\t\t<time datetime=\"2026-04-29T09:55:44-03:00\" class=\"uagb-post__date\">\n\t\t\t\t<span class=\"dashicons-calendar dashicons\"><\/span>\t\t\t\t\t29 abril, 2026\t\t\t\t<\/time>\n\t\t\t\t\t\t\t<span class=\"uagb-post__comment\">\n\t\t\t\t<span class=\"dashicons-admin-comments dashicons\"><\/span>\t\t\t\t\tNo hay comentarios\t\t\t\t<\/span>\n\t\t\t\t\t\t<\/div>\n\t\t\t\t\t\t\t<div class='uagb-post__text uagb-post__excerpt'>\n\t\t\t\t\t<p>La propuesta se llevar\u00e1 a cabo los d\u00edas 29 y 30 de abril, de 8&#8230;\t\t\t\t<\/div>\n\t\t\t\t\t\t<div class=\"uagb-post__text uagb-post__cta wp-block-button\">\n\t\t\t\t<a class=\"wp-block-button__link uagb-text-link\" style=\"\" href=\"https:\/\/spps.gob.ar\/?p=5185\" target=\"_self\" rel=\"bookmark noopener noreferrer\">Leer m\u00e1s<\/a>\n\t\t\t<\/div>\n\t\t\t\n\t\t\t\t\t\t\t\t\t<\/article>\n\t\t\t\t\t\t\t\t\t\t\t\t\t\t\t\t<article class=\"uagb-post__inner-wrap\">\t\t\t\t\t\t\t\t<div class='uagb-post__image'>\n\t\t\t\t\t\t\t\t\t<a href=\"https:\/\/spps.gob.ar\/?p=5165\" target=\"_self\" rel=\"bookmark noopener noreferrer\" class='uagb-image-ratio-inherit'><img loading=\"lazy\" decoding=\"async\" width=\"1024\" height=\"683\" src=\"https:\/\/spps.gob.ar\/wp-content\/uploads\/2026\/04\/680764587_950570137725208_4247489869624151978_n-1024x683.jpg\" class=\"attachment-large size-large\" alt=\"\" srcset=\"https:\/\/spps.gob.ar\/wp-content\/uploads\/2026\/04\/680764587_950570137725208_4247489869624151978_n-1024x683.jpg 1024w, https:\/\/spps.gob.ar\/wp-content\/uploads\/2026\/04\/680764587_950570137725208_4247489869624151978_n-300x200.jpg 300w, https:\/\/spps.gob.ar\/wp-content\/uploads\/2026\/04\/680764587_950570137725208_4247489869624151978_n-768x512.jpg 768w, https:\/\/spps.gob.ar\/wp-content\/uploads\/2026\/04\/680764587_950570137725208_4247489869624151978_n-1536x1025.jpg 1536w, https:\/\/spps.gob.ar\/wp-content\/uploads\/2026\/04\/680764587_950570137725208_4247489869624151978_n.jpg 2048w\" sizes=\"auto, (max-width: 1024px) 100vw, 1024px\" \/>\t\t\t\t\t<\/a>\n\t\t\t\t\t\t\t<\/div>\n\t\t\t\t\t\t<h5 class=\"uagb-post__title uagb-post__text\">\n\t\t\t\t<a href=\"https:\/\/spps.gob.ar\/?p=5165\" target=\"_self\" rel=\"bookmark noopener noreferrer\">Convenio entre la Fundaci\u00f3n Espartanos Salta y EDESA S.A<\/a>\n\t\t\t<\/h5>\n\t\t\t\t\t\t<div class='uagb-post__text uagb-post-grid-byline'>\n\t\t\t\t\t\t\t\t<time datetime=\"2026-04-28T11:55:32-03:00\" class=\"uagb-post__date\">\n\t\t\t\t<span class=\"dashicons-calendar dashicons\"><\/span>\t\t\t\t\t28 abril, 2026\t\t\t\t<\/time>\n\t\t\t\t\t\t\t<span class=\"uagb-post__comment\">\n\t\t\t\t<span class=\"dashicons-admin-comments dashicons\"><\/span>\t\t\t\t\tNo hay comentarios\t\t\t\t<\/span>\n\t\t\t\t\t\t<\/div>\n\t\t\t\t\t\t\t<div class='uagb-post__text uagb-post__excerpt'>\n\t\t\t\t\t<p>Se firm\u00f3 un importante convenio marco entre la Fundaci\u00f3n Espartanos Salta, la Secretar\u00eda de Justicia&#8230;\t\t\t\t<\/div>\n\t\t\t\t\t\t<div class=\"uagb-post__text uagb-post__cta wp-block-button\">\n\t\t\t\t<a class=\"wp-block-button__link uagb-text-link\" style=\"\" href=\"https:\/\/spps.gob.ar\/?p=5165\" target=\"_self\" rel=\"bookmark noopener noreferrer\">Leer m\u00e1s<\/a>\n\t\t\t<\/div>\n\t\t\t\n\t\t\t\t\t\t\t\t\t<\/article>\n\t\t\t\t\t\t\t\t\t\t\t\t\t\t\t\t<article class=\"uagb-post__inner-wrap\">\t\t\t\t\t\t\t\t<div class='uagb-post__image'>\n\t\t\t\t\t\t\t\t\t<a href=\"https:\/\/spps.gob.ar\/?p=5161\" target=\"_self\" rel=\"bookmark noopener noreferrer\" class='uagb-image-ratio-inherit'><img loading=\"lazy\" decoding=\"async\" width=\"1024\" height=\"683\" src=\"https:\/\/spps.gob.ar\/wp-content\/uploads\/2026\/04\/image-1-1024x683.png\" class=\"attachment-large size-large\" alt=\"\" srcset=\"https:\/\/spps.gob.ar\/wp-content\/uploads\/2026\/04\/image-1-1024x683.png 1024w, https:\/\/spps.gob.ar\/wp-content\/uploads\/2026\/04\/image-1-300x200.png 300w, https:\/\/spps.gob.ar\/wp-content\/uploads\/2026\/04\/image-1-768x512.png 768w, https:\/\/spps.gob.ar\/wp-content\/uploads\/2026\/04\/image-1-1536x1024.png 1536w, https:\/\/spps.gob.ar\/wp-content\/uploads\/2026\/04\/image-1.png 2048w\" sizes=\"auto, (max-width: 1024px) 100vw, 1024px\" \/>\t\t\t\t\t<\/a>\n\t\t\t\t\t\t\t<\/div>\n\t\t\t\t\t\t<h5 class=\"uagb-post__title uagb-post__text\">\n\t\t\t\t<a href=\"https:\/\/spps.gob.ar\/?p=5161\" target=\"_self\" rel=\"bookmark noopener noreferrer\">2\u00ba Jornada de Equinoterapia junto a la Fundaci\u00f3n del Azul &#8211; con caballos es mejor<\/a>\n\t\t\t<\/h5>\n\t\t\t\t\t\t<div class='uagb-post__text uagb-post-grid-byline'>\n\t\t\t\t\t\t\t\t<time datetime=\"2026-04-21T11:44:51-03:00\" class=\"uagb-post__date\">\n\t\t\t\t<span class=\"dashicons-calendar dashicons\"><\/span>\t\t\t\t\t21 abril, 2026\t\t\t\t<\/time>\n\t\t\t\t\t\t\t<span class=\"uagb-post__comment\">\n\t\t\t\t<span class=\"dashicons-admin-comments dashicons\"><\/span>\t\t\t\t\tNo hay comentarios\t\t\t\t<\/span>\n\t\t\t\t\t\t<\/div>\n\t\t\t\t\t\t\t<div class='uagb-post__text uagb-post__excerpt'>\n\t\t\t\t\t<p>Se llev\u00f3 a cabo la 2\u00ba Jornada de Equinoterapia, en la que participaron 40 internos&#8230;\t\t\t\t<\/div>\n\t\t\t\t\t\t<div class=\"uagb-post__text uagb-post__cta wp-block-button\">\n\t\t\t\t<a class=\"wp-block-button__link uagb-text-link\" style=\"\" href=\"https:\/\/spps.gob.ar\/?p=5161\" target=\"_self\" rel=\"bookmark noopener noreferrer\">Leer m\u00e1s<\/a>\n\t\t\t<\/div>\n\t\t\t\n\t\t\t\t\t\t\t\t\t<\/article>\n\t\t\t\t\t\t\t\t\t\t\t\t\t\t\t\t<article class=\"uagb-post__inner-wrap\">\t\t\t\t\t\t\t\t<div class='uagb-post__image'>\n\t\t\t\t\t\t\t\t\t<a href=\"https:\/\/spps.gob.ar\/?p=5129\" target=\"_self\" rel=\"bookmark noopener noreferrer\" class='uagb-image-ratio-inherit'><img loading=\"lazy\" decoding=\"async\" width=\"1024\" height=\"768\" src=\"https:\/\/spps.gob.ar\/wp-content\/uploads\/2026\/04\/WhatsApp-Image-2026-04-20-at-1.33.28-PM-1024x768.jpeg\" class=\"attachment-large size-large\" alt=\"\" srcset=\"https:\/\/spps.gob.ar\/wp-content\/uploads\/2026\/04\/WhatsApp-Image-2026-04-20-at-1.33.28-PM-1024x768.jpeg 1024w, https:\/\/spps.gob.ar\/wp-content\/uploads\/2026\/04\/WhatsApp-Image-2026-04-20-at-1.33.28-PM-300x225.jpeg 300w, https:\/\/spps.gob.ar\/wp-content\/uploads\/2026\/04\/WhatsApp-Image-2026-04-20-at-1.33.28-PM-768x576.jpeg 768w, https:\/\/spps.gob.ar\/wp-content\/uploads\/2026\/04\/WhatsApp-Image-2026-04-20-at-1.33.28-PM.jpeg 1280w\" sizes=\"auto, (max-width: 1024px) 100vw, 1024px\" \/>\t\t\t\t\t<\/a>\n\t\t\t\t\t\t\t<\/div>\n\t\t\t\t\t\t<h5 class=\"uagb-post__title uagb-post__text\">\n\t\t\t\t<a href=\"https:\/\/spps.gob.ar\/?p=5129\" target=\"_self\" rel=\"bookmark noopener noreferrer\">La Unidad de Monitoreo Electr\u00f3nico del Servicio Penitenciario celebr\u00f3 su 8\u00b0 aniversario<\/a>\n\t\t\t<\/h5>\n\t\t\t\t\t\t<div class='uagb-post__text uagb-post-grid-byline'>\n\t\t\t\t\t\t\t\t<time datetime=\"2026-04-18T13:40:45-03:00\" class=\"uagb-post__date\">\n\t\t\t\t<span class=\"dashicons-calendar dashicons\"><\/span>\t\t\t\t\t18 abril, 2026\t\t\t\t<\/time>\n\t\t\t\t\t\t\t<span class=\"uagb-post__comment\">\n\t\t\t\t<span class=\"dashicons-admin-comments dashicons\"><\/span>\t\t\t\t\tNo hay comentarios\t\t\t\t<\/span>\n\t\t\t\t\t\t<\/div>\n\t\t\t\t\t\t\t<div class='uagb-post__text uagb-post__excerpt'>\n\t\t\t\t\t<p>El \u00e1rea cumple un rol clave en la supervisi\u00f3n de personas con arresto domiciliario, consolid\u00e1ndose&#8230;\t\t\t\t<\/div>\n\t\t\t\t\t\t<div class=\"uagb-post__text uagb-post__cta wp-block-button\">\n\t\t\t\t<a class=\"wp-block-button__link uagb-text-link\" style=\"\" href=\"https:\/\/spps.gob.ar\/?p=5129\" target=\"_self\" rel=\"bookmark noopener noreferrer\">Leer m\u00e1s<\/a>\n\t\t\t<\/div>\n\t\t\t\n\t\t\t\t\t\t\t\t\t<\/article>\n\t\t\t\t\t\t\t\t\t\t\t\t\t\t\t\t<article class=\"uagb-post__inner-wrap\">\t\t\t\t\t\t\t\t<div class='uagb-post__image'>\n\t\t\t\t\t\t\t\t\t<a href=\"https:\/\/spps.gob.ar\/?p=5141\" target=\"_self\" rel=\"bookmark noopener noreferrer\" class='uagb-image-ratio-inherit'><img loading=\"lazy\" decoding=\"async\" width=\"1024\" height=\"576\" src=\"https:\/\/spps.gob.ar\/wp-content\/uploads\/2026\/04\/WhatsApp-Image-2026-04-20-at-14.15.24-1024x576.jpeg\" class=\"attachment-large size-large\" alt=\"\" srcset=\"https:\/\/spps.gob.ar\/wp-content\/uploads\/2026\/04\/WhatsApp-Image-2026-04-20-at-14.15.24-1024x576.jpeg 1024w, https:\/\/spps.gob.ar\/wp-content\/uploads\/2026\/04\/WhatsApp-Image-2026-04-20-at-14.15.24-300x169.jpeg 300w, https:\/\/spps.gob.ar\/wp-content\/uploads\/2026\/04\/WhatsApp-Image-2026-04-20-at-14.15.24-768x432.jpeg 768w, https:\/\/spps.gob.ar\/wp-content\/uploads\/2026\/04\/WhatsApp-Image-2026-04-20-at-14.15.24.jpeg 1280w\" sizes=\"auto, (max-width: 1024px) 100vw, 1024px\" \/>\t\t\t\t\t<\/a>\n\t\t\t\t\t\t\t<\/div>\n\t\t\t\t\t\t<h5 class=\"uagb-post__title uagb-post__text\">\n\t\t\t\t<a href=\"https:\/\/spps.gob.ar\/?p=5141\" target=\"_self\" rel=\"bookmark noopener noreferrer\">El servicio penitenciario celebr\u00f3 el 444.\u00b0 aniversario de salta<\/a>\n\t\t\t<\/h5>\n\t\t\t\t\t\t<div class='uagb-post__text uagb-post-grid-byline'>\n\t\t\t\t\t\t\t\t<time datetime=\"2026-04-17T14:17:05-03:00\" class=\"uagb-post__date\">\n\t\t\t\t<span class=\"dashicons-calendar dashicons\"><\/span>\t\t\t\t\t17 abril, 2026\t\t\t\t<\/time>\n\t\t\t\t\t\t\t<span class=\"uagb-post__comment\">\n\t\t\t\t<span class=\"dashicons-admin-comments dashicons\"><\/span>\t\t\t\t\tNo hay comentarios\t\t\t\t<\/span>\n\t\t\t\t\t\t<\/div>\n\t\t\t\t\t\t\t<div class='uagb-post__text uagb-post__excerpt'>\n\t\t\t\t\t<p>\u200bLa Banda de M\u00fasica \u201cVirgen del Carmen\u201d del Servicio Penitenciario de Salta particip\u00f3 en el&#8230;\t\t\t\t<\/div>\n\t\t\t\t\t\t<div class=\"uagb-post__text uagb-post__cta wp-block-button\">\n\t\t\t\t<a class=\"wp-block-button__link uagb-text-link\" style=\"\" href=\"https:\/\/spps.gob.ar\/?p=5141\" target=\"_self\" rel=\"bookmark noopener noreferrer\">Leer m\u00e1s<\/a>\n\t\t\t<\/div>\n\t\t\t\n\t\t\t\t\t\t\t\t\t<\/article>\n\t\t\t\t\t\t\t\t\t\t\t\t\t<div class=\"uagb-post-pagination-wrap\">\n\t\t\t\t\t\t<span aria-current=\"page\" class=\"page-numbers current\">1<\/span>\n<a class=\"page-numbers\" href=\"https:\/\/spps.gob.ar\/index.php?rest_route=%2Fwp%2Fv2%2Fpages%2F615&#038;paged=2\">2<\/a>\n<a class=\"page-numbers\" href=\"https:\/\/spps.gob.ar\/index.php?rest_route=%2Fwp%2Fv2%2Fpages%2F615&#038;paged=3\">3<\/a>\n<a class=\"page-numbers\" href=\"https:\/\/spps.gob.ar\/index.php?rest_route=%2Fwp%2Fv2%2Fpages%2F615&#038;paged=4\">4<\/a>\n<a class=\"page-numbers\" href=\"https:\/\/spps.gob.ar\/index.php?rest_route=%2Fwp%2Fv2%2Fpages%2F615&#038;paged=5\">5<\/a>\n<a class=\"page-numbers\" href=\"https:\/\/spps.gob.ar\/index.php?rest_route=%2Fwp%2Fv2%2Fpages%2F615&#038;paged=6\">6<\/a>\n<a class=\"next page-numbers\" href=\"https:\/\/spps.gob.ar\/index.php?rest_route=%2Fwp%2Fv2%2Fpages%2F615&#038;paged=2\">Siguiente \u00bb<\/a>\t\t\t\t\t<\/div>\n\t\t\t\t\t\t\t\t<\/div>\n\t\t\t\n\n\n<div style=\"height:0px\" aria-hidden=\"true\" class=\"wp-block-spacer\"><\/div>\n<\/div><\/div>\n","protected":false},"excerpt":{"rendered":"<p>\u00daltimas Noticias Destacadas<\/p>\n","protected":false},"author":1,"featured_media":0,"parent":0,"menu_order":0,"comment_status":"closed","ping_status":"closed","template":"","meta":{"_uag_custom_page_level_css":"","site-sidebar-layout":"default","site-content-layout":"","ast-site-content-layout":"default","site-content-style":"default","site-sidebar-style":"default","ast-global-header-display":"","ast-banner-title-visibility":"","ast-main-header-display":"","ast-hfb-above-header-display":"","ast-hfb-below-header-display":"","ast-hfb-mobile-header-display":"","site-post-title":"","ast-breadcrumbs-content":"","ast-featured-img":"","footer-sml-layout":"","ast-disable-related-posts":"","theme-transparent-header-meta":"","adv-header-id-meta":"","stick-header-meta":"","header-above-stick-meta":"","header-main-stick-meta":"","header-below-stick-meta":"","astra-migrate-meta-layouts":"default","ast-page-background-enabled":"default","ast-page-background-meta":{"desktop":{"background-color":"var(--ast-global-color-4)","background-image":"","background-repeat":"repeat","background-position":"center center","background-size":"auto","background-attachment":"scroll","background-type":"","background-media":"","overlay-type":"","overlay-color":"","overlay-opacity":"","overlay-gradient":""},"tablet":{"background-color":"","background-image":"","background-repeat":"repeat","background-position":"center center","background-size":"auto","background-attachment":"scroll","background-type":"","background-media":"","overlay-type":"","overlay-color":"","overlay-opacity":"","overlay-gradient":""},"mobile":{"background-color":"","background-image":"","background-repeat":"repeat","background-position":"center center","background-size":"auto","background-attachment":"scroll","background-type":"","background-media":"","overlay-type":"","overlay-color":"","overlay-opacity":"","overlay-gradient":""}},"ast-content-background-meta":{"desktop":{"background-color":"var(--ast-global-color-5)","background-image":"","background-repeat":"repeat","background-position":"center center","background-size":"auto","background-attachment":"scroll","background-type":"","background-media":"","overlay-type":"","overlay-color":"","overlay-opacity":"","overlay-gradient":""},"tablet":{"background-color":"var(--ast-global-color-5)","background-image":"","background-repeat":"repeat","background-position":"center center","background-size":"auto","background-attachment":"scroll","background-type":"","background-media":"","overlay-type":"","overlay-color":"","overlay-opacity":"","overlay-gradient":""},"mobile":{"background-color":"var(--ast-global-color-5)","background-image":"","background-repeat":"repeat","background-position":"center center","background-size":"auto","background-attachment":"scroll","background-type":"","background-media":"","overlay-type":"","overlay-color":"","overlay-opacity":"","overlay-gradient":""}},"footnotes":""},"class_list":["post-615","page","type-page","status-publish","hentry"],"uagb_featured_image_src":{"full":false,"thumbnail":false,"medium":false,"medium_large":false,"large":false,"1536x1536":false,"2048x2048":false},"uagb_author_info":{"display_name":"adminspps","author_link":"https:\/\/spps.gob.ar\/?author=1"},"uagb_comment_info":0,"uagb_excerpt":"\u00daltimas Noticias Destacadas","_links":{"self":[{"href":"https:\/\/spps.gob.ar\/index.php?rest_route=\/wp\/v2\/pages\/615","targetHints":{"allow":["GET"]}}],"collection":[{"href":"https:\/\/spps.gob.ar\/index.php?rest_route=\/wp\/v2\/pages"}],"about":[{"href":"https:\/\/spps.gob.ar\/index.php?rest_route=\/wp\/v2\/types\/page"}],"author":[{"embeddable":true,"href":"https:\/\/spps.gob.ar\/index.php?rest_route=\/wp\/v2\/users\/1"}],"replies":[{"embeddable":true,"href":"https:\/\/spps.gob.ar\/index.php?rest_route=%2Fwp%2Fv2%2Fcomments&post=615"}],"version-history":[{"count":52,"href":"https:\/\/spps.gob.ar\/index.php?rest_route=\/wp\/v2\/pages\/615\/revisions"}],"predecessor-version":[{"id":3949,"href":"https:\/\/spps.gob.ar\/index.php?rest_route=\/wp\/v2\/pages\/615\/revisions\/3949"}],"wp:attachment":[{"href":"https:\/\/spps.gob.ar\/index.php?rest_route=%2Fwp%2Fv2%2Fmedia&parent=615"}],"curies":[{"name":"wp","href":"https:\/\/api.w.org\/{rel}","templated":true}]}}