{"id":400,"date":"2024-10-22T09:18:56","date_gmt":"2024-10-22T12:18:56","guid":{"rendered":"https:\/\/spps.gob.ar\/?page_id=400"},"modified":"2026-02-04T08:36:22","modified_gmt":"2026-02-04T11:36:22","slug":"organismos","status":"publish","type":"page","link":"https:\/\/spps.gob.ar\/?page_id=400","title":{"rendered":"Organismos"},"content":{"rendered":"\n<div class=\"wp-block-cover alignfull is-light hestia-clear-top-padding\" style=\"min-height:448px;aspect-ratio:unset;\"><span aria-hidden=\"true\" class=\"wp-block-cover__background has-white-background-color has-background-dim-100 has-background-dim\"><\/span><div class=\"wp-block-cover__inner-container is-layout-flow wp-block-cover-is-layout-flow\">\n<div style=\"height:50px\" aria-hidden=\"true\" class=\"wp-block-spacer\"><\/div>\n\n\n\n<hr class=\"wp-block-separator has-alpha-channel-opacity\"\/>\n\n\n\n<div class=\"wp-block-columns are-vertically-aligned-center container is-layout-flex wp-container-core-columns-is-layout-28f84493 wp-block-columns-is-layout-flex\">\n<div class=\"wp-block-column is-layout-flow wp-block-column-is-layout-flow\">\n<figure class=\"wp-block-image aligncenter size-full is-resized is-style-default wp-duotone-unset-1\"><img loading=\"lazy\" decoding=\"async\" width=\"560\" height=\"840\" src=\"https:\/\/spps.gob.ar\/wp-content\/uploads\/2025\/12\/image-7.png\" alt=\"\" class=\"wp-image-4632\" style=\"object-fit:contain;width:500px;height:500px\" srcset=\"https:\/\/spps.gob.ar\/wp-content\/uploads\/2025\/12\/image-7.png 560w, https:\/\/spps.gob.ar\/wp-content\/uploads\/2025\/12\/image-7-200x300.png 200w\" sizes=\"auto, (max-width: 560px) 100vw, 560px\" \/><figcaption class=\"wp-element-caption\"><strong><mark style=\"background-color:rgba(0, 0, 0, 0);color:#000000\" class=\"has-inline-color\">Ministro de Gobierno y Justicia<\/mark><br><\/strong><mark style=\"background-color:rgba(0, 0, 0, 0);color:#000000\" class=\"has-inline-color\">Jorge Ignacio Jars\u00fan Lam\u00f3naca<\/mark><\/figcaption><\/figure>\n\n\n\n<div style=\"height:0px\" aria-hidden=\"true\" class=\"wp-block-spacer\"><\/div>\n<\/div>\n<\/div>\n\n\n\n<hr class=\"wp-block-separator has-alpha-channel-opacity\"\/>\n\n\n\n<figure class=\"wp-block-image aligncenter size-full is-resized\"><img loading=\"lazy\" decoding=\"async\" width=\"560\" height=\"840\" src=\"https:\/\/spps.gob.ar\/wp-content\/uploads\/2025\/12\/image-6.png\" alt=\"\" class=\"wp-image-4630\" style=\"object-fit:contain;width:500px;height:500px\" srcset=\"https:\/\/spps.gob.ar\/wp-content\/uploads\/2025\/12\/image-6.png 560w, https:\/\/spps.gob.ar\/wp-content\/uploads\/2025\/12\/image-6-200x300.png 200w\" sizes=\"auto, (max-width: 560px) 100vw, 560px\" \/><figcaption class=\"wp-element-caption\"><mark style=\"background-color:rgba(0, 0, 0, 0);color:#000000\" class=\"has-inline-color\"><strong><em>Secretario de Justicia y Derechos Humanos<\/em><\/strong><\/mark><br><mark style=\"background-color:rgba(0, 0, 0, 0);color:#000000\" class=\"has-inline-color\"><em>Dr. Javier Alberto M\u00f3nico Graciano<\/em><\/mark><\/figcaption><\/figure>\n\n\n\n<hr class=\"wp-block-separator has-alpha-channel-opacity\"\/>\n\n\n\n<figure class=\"wp-block-image aligncenter size-full is-resized\"><img loading=\"lazy\" decoding=\"async\" width=\"560\" height=\"842\" src=\"https:\/\/spps.gob.ar\/wp-content\/uploads\/2026\/02\/143-agustina-rizzoli-20260119214217.webp\" alt=\"\" class=\"wp-image-4843\" style=\"object-fit:contain;width:500px;height:500px\" srcset=\"https:\/\/spps.gob.ar\/wp-content\/uploads\/2026\/02\/143-agustina-rizzoli-20260119214217.webp 560w, https:\/\/spps.gob.ar\/wp-content\/uploads\/2026\/02\/143-agustina-rizzoli-20260119214217-200x300.webp 200w\" sizes=\"auto, (max-width: 560px) 100vw, 560px\" \/><figcaption class=\"wp-element-caption\"><mark style=\"background-color:rgba(0, 0, 0, 0);color:#000000\" class=\"has-inline-color\"><strong><em>Subsecretaria de Justicia<\/em><\/strong><\/mark><br><mark style=\"background-color:rgba(0, 0, 0, 0);color:#000000\" class=\"has-inline-color\"><em>Dra. Agustina Rizzoli<\/em><\/mark><\/figcaption><\/figure>\n\n\n\n<hr class=\"wp-block-separator has-alpha-channel-opacity\"\/>\n\n\n\n<figure class=\"wp-block-image aligncenter size-full is-resized\"><img loading=\"lazy\" decoding=\"async\" width=\"657\" height=\"817\" src=\"https:\/\/spps.gob.ar\/wp-content\/uploads\/2025\/06\/1.png\" alt=\"\" class=\"wp-image-3778\" style=\"object-fit:cover;width:499px;height:500px\" srcset=\"https:\/\/spps.gob.ar\/wp-content\/uploads\/2025\/06\/1.png 657w, https:\/\/spps.gob.ar\/wp-content\/uploads\/2025\/06\/1-241x300.png 241w\" sizes=\"auto, (max-width: 657px) 100vw, 657px\" \/><figcaption class=\"wp-element-caption\"><strong><mark style=\"background-color:rgba(0, 0, 0, 0);color:#000000\" class=\"has-inline-color\"><strong><strong><em>Director General de Pol\u00edticas Penales<\/em><\/strong><\/strong><\/mark><\/strong><br><mark style=\"background-color:rgba(0, 0, 0, 0)\" class=\"has-inline-color has-ast-global-color-7-color\">Lic.&nbsp;Jorge Javier Salgado<\/mark><\/figcaption><\/figure>\n\n\n\n<hr class=\"wp-block-separator has-alpha-channel-opacity\"\/>\n\n\n\n<figure class=\"wp-block-image aligncenter size-full is-resized\"><img loading=\"lazy\" decoding=\"async\" width=\"801\" height=\"797\" src=\"https:\/\/spps.gob.ar\/wp-content\/uploads\/2025\/06\/SSS1.png\" alt=\"\" class=\"wp-image-3781\" style=\"object-fit:cover;width:499px;height:500px\" srcset=\"https:\/\/spps.gob.ar\/wp-content\/uploads\/2025\/06\/SSS1.png 801w, https:\/\/spps.gob.ar\/wp-content\/uploads\/2025\/06\/SSS1-300x300.png 300w, https:\/\/spps.gob.ar\/wp-content\/uploads\/2025\/06\/SSS1-150x150.png 150w, https:\/\/spps.gob.ar\/wp-content\/uploads\/2025\/06\/SSS1-768x764.png 768w\" sizes=\"auto, (max-width: 801px) 100vw, 801px\" \/><figcaption class=\"wp-element-caption\"><mark style=\"background-color:rgba(0, 0, 0, 0);color:#000000\" class=\"has-inline-color\"><strong><em>Directora De Reg\u00edmenes Penales Y Medidas Judiciales<\/em><\/strong><\/mark><br><mark style=\"background-color:rgba(0, 0, 0, 0)\" class=\"has-inline-color has-ast-global-color-7-color\">Dra. Maria Georgina Storniolo Pons<\/mark><\/figcaption><\/figure>\n\n\n\n<hr class=\"wp-block-separator has-alpha-channel-opacity\"\/>\n\n\n\n<figure class=\"wp-block-image aligncenter size-full is-resized\"><img loading=\"lazy\" decoding=\"async\" width=\"849\" height=\"893\" src=\"https:\/\/spps.gob.ar\/wp-content\/uploads\/2025\/06\/3.png\" alt=\"\" class=\"wp-image-3782\" style=\"object-fit:cover;width:500px;height:500px\" srcset=\"https:\/\/spps.gob.ar\/wp-content\/uploads\/2025\/06\/3.png 849w, https:\/\/spps.gob.ar\/wp-content\/uploads\/2025\/06\/3-285x300.png 285w, https:\/\/spps.gob.ar\/wp-content\/uploads\/2025\/06\/3-768x808.png 768w\" sizes=\"auto, (max-width: 849px) 100vw, 849px\" \/><figcaption class=\"wp-element-caption\"><strong><mark style=\"background-color:rgba(0, 0, 0, 0);color:#000000\" class=\"has-inline-color\"><strong>Director General del Servicio Penitenciario<\/strong><br><\/mark><\/strong><mark style=\"background-color:rgba(0, 0, 0, 0)\" class=\"has-inline-color has-ast-global-color-7-color\">Prefecto Mayor Lic. Enrique Daniel Torres<\/mark><\/figcaption><\/figure>\n\n\n\n<div class=\"wp-block-cover alignfull is-light hestia-clear-top-padding\" style=\"min-height:186px;aspect-ratio:unset;\"><span aria-hidden=\"true\" class=\"wp-block-cover__background has-white-background-color has-background-dim-100 has-background-dim\"><\/span><div class=\"wp-block-cover__inner-container is-layout-flow wp-block-cover-is-layout-flow\">\n<div class=\"wp-block-columns container is-layout-flex wp-container-core-columns-is-layout-28f84493 wp-block-columns-is-layout-flex\">\n<div class=\"wp-block-column is-layout-flow wp-block-column-is-layout-flow\">\n<div class=\"wp-block-uagb-modal uagb-block-975466aa uagb-modal-wrapper\" data-escpress=\"enable\" data-overlayclick=\"disable\"><div class=\"uagb-spectra-button-wrapper wp-block-button\"><a class=\"uagb-modal-button-link wp-block-button__link uagb-modal-trigger\" href=\"#\" onclick=\"return false;\" target=\"_self\" rel=\"noopener noreferrer\"><span class=\"uagb-modal-content-wrapper\"><span class=\"uagb-inline-editing\">Curriculum Vitae<\/span><\/span><\/a><\/div><div class=\"uagb-effect-default uagb-modal-popup uagb-block-975466aa uagb-modal-type-undefined\"><div class=\"uagb-modal-popup-wrap\"><div class=\"uagb-modal-popup-content\">\n<div class=\"wp-block-uagb-info-box uagb-block-6e0aeea6 uagb-infobox__content-wrap  uagb-infobox-icon-above-title uagb-infobox-image-valign-top\"><div class=\"uagb-ifb-content\"><div class=\"uagb-ifb-title-wrap\"><h4 class=\"uagb-ifb-title\">Prefecto Mayor Enrique Daniel Torres<\/h4><\/div><p class=\"uagb-ifb-desc\"><strong>Titulo Terciario<\/strong>: &#8220;T\u00e9cnico Superior en Ciencias Penales&#8221;, egreso de la escuela Juan Jos\u00e9 O&#8217; Connor del Servicio Penitenciario Federal con el grado de Sub adjutor del Escalaf\u00f3n Penitenciario.<br><br><strong>Titulo Universitario:<\/strong> &#8220;Lic. en Seguridad Publica aplicada a la Funci\u00f3n Penitenciaria&#8221; en UPATECO.<br><br><strong>Capacitaciones:<\/strong><br>&#8211; Curso de Custodia y Traslado del Norte Argentino.<br>&#8211; Curso de Prevenci\u00f3n de Incendios.<br>&#8211; Curso en Operaciones Penitenciarias.<br>&#8211; Jornada de Criminal\u00edstica del Norte Argentino.<br>&#8211; Formaci\u00f3n en Negociaci\u00f3n y T\u00e1ctica para la Liberaci\u00f3n de Rehenes.<br>&#8211; Formaci\u00f3n Interprovincial como Instructor de Tiro.<br>&#8211; Formaci\u00f3n Interprovincial como Encargado de Sala de Armas.<br>&#8211; Participo del Congreso NOA y NEA sobre el R\u00e9gimen Progresivo de la Pena.<br>&#8211; Formaci\u00f3n Primeros Auxilios aplicado a la Seguridad Penitenciaria.<br>&#8211; Formaci\u00f3n en Estrategias de Recursos Humanos.<br>&#8211; Formaci\u00f3n en Prevenci\u00f3n de Siniestros y Seguridad Industrial.<br>&#8211; Participo del Congreso NOA y NEA sobre el Rol de los DDHH en contexto de Encierro.<br>&#8211; Formaci\u00f3n en la Investigaci\u00f3n de la Trata de Personas.<br>&#8211; Formaci\u00f3n en Oratoria y Neuro Oratoria.<br>&#8211; Formaci\u00f3n<strong> <\/strong>en Administraci\u00f3n Publica en el \u00c1mbito Penitenciario.<br>&#8211; Formaci\u00f3n en Propuesta Formativa Ley 27.499 para Altos Mandos.<br><br><strong>Funci\u00f3n desempe\u00f1adas en las Distintas Unidades:<\/strong><br>&#8211; Unidad Carcelaria N\u00ba1:<br>      &#8211; Inspector de Servicio<br>      &#8211; Secretario de Actas de Consejo Correccional<br>      &#8211; Jefe de la Divisi\u00f3n Judicial<br>      &#8211; Jefe de la Divisi\u00f3n registro y Requisa<br>      &#8211; Sub Director de Unidad<br>&#8211; Unidad Carcelaria N\u00ba 3- Oran:<br>      &#8211; Jefe de Alcaid\u00eda Penitenciaria<br>      &#8211; Jefe de Granja Penal &#8220;Los Lapachos&#8221;<br>      &#8211; Jefe de Mantenimiento y Trasporte<br>      &#8211; Jefe a cargo del Despacho de la Direcci\u00f3n de Unidad<br>      &#8211; Director de Unidad<br>&#8211; Unidad Carcelaria N\u00ba6- Granja Modelo Rosario de Lerma:<br>      &#8211; Director Interino<br>-Alcaid\u00eda General N\u00ba1:<br>      &#8211; Jefe de Departamento Seguridad Externa, Custodia y Traslado<br>-Escuela de Cadetes N\u00ba 6.044 &#8220;Alcaide Jos\u00e9 Luis Herrera&#8221;<br>      &#8211; Director de Escuela<br><br>En organismo de Plana Mayor se desempe\u00f1o como:<br>       &#8211; Director de R\u00e9gimen Correccional<br>       &#8211; Inspector General<br>       &#8211; Director General (Actualmente)<br><br><br><br><br>              <\/p><\/div><\/div>\n<\/div><button class=\"uagb-modal-popup-close\" aria-label=\"Close Modal\"><svg xmlns=\"https:\/\/www.w3.org\/2000\/svg\" viewBox=\"0 0 320 512\"><path d=\"M310.6 361.4c12.5 12.5 12.5 32.75 0 45.25C304.4 412.9 296.2 416 288 416s-16.38-3.125-22.62-9.375L160 301.3L54.63 406.6C48.38 412.9 40.19 416 32 416S15.63 412.9 9.375 406.6c-12.5-12.5-12.5-32.75 0-45.25l105.4-105.4L9.375 150.6c-12.5-12.5-12.5-32.75 0-45.25s32.75-12.5 45.25 0L160 210.8l105.4-105.4c12.5-12.5 32.75-12.5 45.25 0s12.5 32.75 0 45.25l-105.4 105.4L310.6 361.4z\"><\/path><\/svg><\/button><\/div><\/div><\/div>\n\n\n\n<div style=\"height:0px\" aria-hidden=\"true\" class=\"wp-block-spacer\"><\/div>\n<\/div>\n<\/div>\n\n\n\n<details class=\"wp-block-details has-white-color has-ast-global-color-0-background-color has-text-color has-background has-link-color wp-elements-7fcffd23c9b3bc20e1678416fa0de709 is-layout-flow wp-block-details-is-layout-flow\"><summary><strong>Competencia<\/strong><\/summary>\n<ul class=\"wp-block-list\">\n<li>Conducir operativa y administrativamente al Servicio Penitenciario<\/li>\n\n\n\n<li>Ejercer el control de todos los organismos y dependencias que lo integran<\/li>\n\n\n\n<li>Asumir la representaci\u00f3n de la Instituci\u00f3n<\/li>\n\n\n\n<li>Dependen del Director General: Departamento Inteligencia y Divisi\u00f3n Inteligencia Region Norte.<\/li>\n<\/ul>\n<\/details>\n\n\n\n<p><\/p>\n\n\n\n<p><\/p>\n\n\n\n<div style=\"height:0px\" aria-hidden=\"true\" class=\"wp-block-spacer\"><\/div>\n<\/div><\/div>\n\n\n\n<hr class=\"wp-block-separator has-alpha-channel-opacity\"\/>\n\n\n\n<figure class=\"wp-block-image aligncenter size-full is-resized\"><img loading=\"lazy\" decoding=\"async\" width=\"1097\" height=\"881\" src=\"https:\/\/spps.gob.ar\/wp-content\/uploads\/2025\/06\/2SS.png\" alt=\"\" class=\"wp-image-3783\" style=\"object-fit:cover;width:500px;height:500px\" srcset=\"https:\/\/spps.gob.ar\/wp-content\/uploads\/2025\/06\/2SS.png 1097w, https:\/\/spps.gob.ar\/wp-content\/uploads\/2025\/06\/2SS-300x241.png 300w, https:\/\/spps.gob.ar\/wp-content\/uploads\/2025\/06\/2SS-1024x822.png 1024w, https:\/\/spps.gob.ar\/wp-content\/uploads\/2025\/06\/2SS-768x617.png 768w\" sizes=\"auto, (max-width: 1097px) 100vw, 1097px\" \/><figcaption class=\"wp-element-caption\"><mark style=\"background-color:rgba(0, 0, 0, 0)\" class=\"has-inline-color has-ast-global-color-7-color\"><strong><strong>Subdirectora General del Servicio Penitenciario<\/strong><\/strong><br><\/mark><mark style=\"background-color:rgba(0, 0, 0, 0);color:#000000\" class=\"has-inline-color\">Prefecto Mayor Valeria Romina Calisaya<\/mark><\/figcaption><\/figure>\n\n\n\n<div class=\"wp-block-cover alignfull is-light hestia-clear-top-padding\" style=\"min-height:150px;aspect-ratio:unset;\"><span aria-hidden=\"true\" class=\"wp-block-cover__background has-white-background-color has-background-dim-100 has-background-dim\"><\/span><div class=\"wp-block-cover__inner-container is-layout-flow wp-block-cover-is-layout-flow\">\n<div class=\"wp-block-columns container is-layout-flex wp-container-core-columns-is-layout-28f84493 wp-block-columns-is-layout-flex\">\n<div class=\"wp-block-column is-layout-flow wp-block-column-is-layout-flow\">\n<div class=\"wp-block-uagb-modal uagb-block-bc1d2cf9 uagb-modal-wrapper\" data-escpress=\"enable\" data-overlayclick=\"disable\"><div class=\"uagb-spectra-button-wrapper wp-block-button\"><a class=\"uagb-modal-button-link wp-block-button__link uagb-modal-trigger\" href=\"#\" onclick=\"return false;\" target=\"_self\" rel=\"noopener noreferrer\"><span class=\"uagb-modal-content-wrapper\"><span class=\"uagb-inline-editing\">Curriculum Vitae<\/span><\/span><\/a><\/div><div class=\"uagb-effect-default uagb-modal-popup uagb-block-bc1d2cf9 uagb-modal-type-undefined\"><div class=\"uagb-modal-popup-wrap\"><div class=\"uagb-modal-popup-content\">\n<div class=\"wp-block-uagb-info-box uagb-block-9f1b80fc uagb-infobox__content-wrap  uagb-infobox-icon-above-title uagb-infobox-image-valign-top\"><div class=\"uagb-ifb-content\"><div class=\"uagb-ifb-title-wrap\"><h4 class=\"uagb-ifb-title\">Prefecto Mayor Valeria Romina Calisaya<\/h4><\/div><p class=\"uagb-ifb-desc\"><strong>Titulo Terciario:<\/strong> &#8220;T\u00e9cnico Superior en Criminolog\u00eda con Orientaci\u00f3n en Seguridad y Tratamiento Penitenciario&#8221; \u2013 Escuela Penitenciaria Comodoro Salustiano P\u00e9rez Est\u00e9vez a\u00f1o 1999<br><br><strong>Capacitaciones:<\/strong><br>&#8211; Curso Gu\u00eda de Canes, septiembre 1999<br>&#8211; Congreso Internacional sobre Derechos del Ni\u00f1o, agosto 1999<br>&#8211; Seminario de Educaci\u00f3n y Derechos Humanos, noviembre 1999<br>&#8211; Jornadas de Pol\u00edticas de Prevenci\u00f3n y Seguridad.<br>&#8211; Brecheros Procedimientos Operacionales y Medidas Preventivas y de Seguridad, julio 2000<br>&#8211; 2\u00b0 Curso Capacitaci\u00f3n para Operadores Socio Terapeutas en el -Campo de las Adicciones, noviembre 2001<br>&#8211; Curso B\u00e1sico de Operador de PC, septiembre 2002<br>&#8211; 1\u00b0 Curso de Instructores<br>&#8211; 1\u00b0 Reuni\u00f3n de los Consejos Correccionales del SPPS, marzo 2007<br>&#8211; Curso B\u00e1sico de Tratamiento y Seguridad en el \u00c1mbito Penitenciario, agosto 2007<br>&#8211; Disertante 1\u00b0 Curso de Administraci\u00f3n Publica en el \u00c1mbito Penitenciario, septiembre 2012<br>&#8211; 2\u00b0 Curso B\u00e1sico Interprovincial de Instructores para Institutos de Formaci\u00f3n, mayo 2017<br>&#8211; Curso Violencia en General, desde Diferentes Perspectivas y sus Consecuencias, octubre 2019<br>&#8211; Jornada sobre Violencia de Genero, Violencia Institucional, julio 2021<br>&#8211; Ley Micaela, 2021<br><br><strong>Funci\u00f3n en las Distintas Unidades:<\/strong><br>&nbsp;   &#8211; UNIDAD CARCELARIA N\u00b04 MUJERES11\/03\/1999 \u2013 Oficial<br>de Servicio<br>&nbsp;   &#8211; UNIDAD CARCELARIA N\u00b05 13\/03\/2002 \u2013Delegada<br>Contable&nbsp;<br>   &#8211; UNIDAD CARCELARIA N\u00b04 03\/10\/2003 \u2013 Oficial de<br>Servicio UNIDAD CARCELARIA N\u00b01 24\/08\/2006 \u2013Jefa Divisi\u00f3n Registro y Requisa.&nbsp;&nbsp;&nbsp;<br>   &#8211; ALCAIDIA GENERAL N\u00b01 19\/09\/2006 &#8211;<br>   &#8211; UNIDAD CARCELARIA N\u00b04 05\/01\/2007 -Jefa de<br>Pabell\u00f3n \u2013 Jefa de Divisi\u00f3n Custodia y Traslado \u2013 Sub Jefa de Departamento Vigilancia y Tratamiento \u2013 Jefa de Departamento Vigilancia y Tratamiento \u2013 Delegada Contable<br>   &#8211; DIRECCION DE ADMINISTRACION 12\/01\/2010 \u2013Jefa<br>Divisi\u00f3n Compras&nbsp;&nbsp;&nbsp;&nbsp;&nbsp;<br>   &#8211; UNIDAD CARCELARIA N\u00b05 22\/12\/2017 \u2013Jefa<br>Delegaci\u00f3n Contable<br>   &#8211; UNIDAD CARCELARIA N\u00b04 21\/05\/2018 \u2013Jefa de<br>Departamento&nbsp;&nbsp;&nbsp;<br>    &#8211; DIRECCION DE CUERPO PENITENCIARIO 28\/12\/2018 \u2013Jefa<br>de Departamento Personal<br>   &#8211; UNIDAD CARCELARIA N\u00b04 27\/12\/2019 &#8211; Directora<br>   &#8211; ESCUELA DE CADETES 27\/12\/2021 &#8211; Directora<br>   &#8211; DIRECCION DE CUERPO PENITENCIARIO 23\/04\/2022 &#8211;<br>Directora<br>   &#8211; DIRECCION GENERAL 2024 \u2013 Sub Directora General<br><br><\/p><\/div><\/div>\n<\/div><button class=\"uagb-modal-popup-close\" aria-label=\"Close Modal\"><svg xmlns=\"https:\/\/www.w3.org\/2000\/svg\" viewBox=\"0 0 320 512\"><path d=\"M310.6 361.4c12.5 12.5 12.5 32.75 0 45.25C304.4 412.9 296.2 416 288 416s-16.38-3.125-22.62-9.375L160 301.3L54.63 406.6C48.38 412.9 40.19 416 32 416S15.63 412.9 9.375 406.6c-12.5-12.5-12.5-32.75 0-45.25l105.4-105.4L9.375 150.6c-12.5-12.5-12.5-32.75 0-45.25s32.75-12.5 45.25 0L160 210.8l105.4-105.4c12.5-12.5 32.75-12.5 45.25 0s12.5 32.75 0 45.25l-105.4 105.4L310.6 361.4z\"><\/path><\/svg><\/button><\/div><\/div><\/div>\n<\/div>\n<\/div>\n\n\n\n<details class=\"wp-block-details has-white-color has-ast-global-color-0-background-color has-text-color has-background has-link-color wp-elements-3d06888474af4688cf071045e64c843e is-layout-flow wp-block-details-is-layout-flow\"><summary><strong>Competencia<\/strong><\/summary>\n<ul class=\"wp-block-list\">\n<li>Colaborador inmediato del Director General en asuntos inherentes a la gesti\u00f3n Institucional.<\/li>\n\n\n\n<li>Cumplir con las funciones que le encomiende el Director General y reemplazarlo en su ausencia.<\/li>\n\n\n\n<li>Depende de la Subdirecci\u00f3n General: Escuela de Cadetes N\u00b0 6.044 Alcaide Jos\u00e9 Luis Herrera, Sector Capellan\u00eda, y recientemente la Direcci\u00f3n de Bienestar del Personal Penitenciario.<\/li>\n\n\n\n<li><\/li>\n<\/ul>\n<\/details>\n\n\n\n<div style=\"height:0px\" aria-hidden=\"true\" class=\"wp-block-spacer\"><\/div>\n\n\n\n<p><\/p>\n<\/div><\/div>\n\n\n\n<div class=\"wp-block-uagb-container uagb-block-e2851ccf alignfull uagb-is-root-container\"><div class=\"uagb-container-inner-blocks-wrap\"><\/div><\/div>\n<\/div><\/div>\n","protected":false},"excerpt":{"rendered":"","protected":false},"author":1,"featured_media":0,"parent":0,"menu_order":0,"comment_status":"closed","ping_status":"closed","template":"","meta":{"_uag_custom_page_level_css":"","site-sidebar-layout":"default","site-content-layout":"","ast-site-content-layout":"default","site-content-style":"default","site-sidebar-style":"default","ast-global-header-display":"","ast-banner-title-visibility":"","ast-main-header-display":"","ast-hfb-above-header-display":"","ast-hfb-below-header-display":"","ast-hfb-mobile-header-display":"","site-post-title":"","ast-breadcrumbs-content":"","ast-featured-img":"","footer-sml-layout":"","ast-disable-related-posts":"","theme-transparent-header-meta":"","adv-header-id-meta":"","stick-header-meta":"","header-above-stick-meta":"","header-main-stick-meta":"","header-below-stick-meta":"","astra-migrate-meta-layouts":"default","ast-page-background-enabled":"default","ast-page-background-meta":{"desktop":{"background-color":"var(--ast-global-color-4)","background-image":"","background-repeat":"repeat","background-position":"center center","background-size":"auto","background-attachment":"scroll","background-type":"","background-media":"","overlay-type":"","overlay-color":"","overlay-opacity":"","overlay-gradient":""},"tablet":{"background-color":"","background-image":"","background-repeat":"repeat","background-position":"center center","background-size":"auto","background-attachment":"scroll","background-type":"","background-media":"","overlay-type":"","overlay-color":"","overlay-opacity":"","overlay-gradient":""},"mobile":{"background-color":"","background-image":"","background-repeat":"repeat","background-position":"center center","background-size":"auto","background-attachment":"scroll","background-type":"","background-media":"","overlay-type":"","overlay-color":"","overlay-opacity":"","overlay-gradient":""}},"ast-content-background-meta":{"desktop":{"background-color":"var(--ast-global-color-5)","background-image":"","background-repeat":"repeat","background-position":"center center","background-size":"auto","background-attachment":"scroll","background-type":"","background-media":"","overlay-type":"","overlay-color":"","overlay-opacity":"","overlay-gradient":""},"tablet":{"background-color":"var(--ast-global-color-5)","background-image":"","background-repeat":"repeat","background-position":"center center","background-size":"auto","background-attachment":"scroll","background-type":"","background-media":"","overlay-type":"","overlay-color":"","overlay-opacity":"","overlay-gradient":""},"mobile":{"background-color":"var(--ast-global-color-5)","background-image":"","background-repeat":"repeat","background-position":"center center","background-size":"auto","background-attachment":"scroll","background-type":"","background-media":"","overlay-type":"","overlay-color":"","overlay-opacity":"","overlay-gradient":""}},"footnotes":""},"class_list":["post-400","page","type-page","status-publish","hentry"],"uagb_featured_image_src":{"full":false,"thumbnail":false,"medium":false,"medium_large":false,"large":false,"1536x1536":false,"2048x2048":false},"uagb_author_info":{"display_name":"adminspps","author_link":"https:\/\/spps.gob.ar\/?author=1"},"uagb_comment_info":0,"uagb_excerpt":null,"_links":{"self":[{"href":"https:\/\/spps.gob.ar\/index.php?rest_route=\/wp\/v2\/pages\/400","targetHints":{"allow":["GET"]}}],"collection":[{"href":"https:\/\/spps.gob.ar\/index.php?rest_route=\/wp\/v2\/pages"}],"about":[{"href":"https:\/\/spps.gob.ar\/index.php?rest_route=\/wp\/v2\/types\/page"}],"author":[{"embeddable":true,"href":"https:\/\/spps.gob.ar\/index.php?rest_route=\/wp\/v2\/users\/1"}],"replies":[{"embeddable":true,"href":"https:\/\/spps.gob.ar\/index.php?rest_route=%2Fwp%2Fv2%2Fcomments&post=400"}],"version-history":[{"count":87,"href":"https:\/\/spps.gob.ar\/index.php?rest_route=\/wp\/v2\/pages\/400\/revisions"}],"predecessor-version":[{"id":4845,"href":"https:\/\/spps.gob.ar\/index.php?rest_route=\/wp\/v2\/pages\/400\/revisions\/4845"}],"wp:attachment":[{"href":"https:\/\/spps.gob.ar\/index.php?rest_route=%2Fwp%2Fv2%2Fmedia&parent=400"}],"curies":[{"name":"wp","href":"https:\/\/api.w.org\/{rel}","templated":true}]}}