{"id":272,"date":"2024-10-18T07:49:34","date_gmt":"2024-10-18T10:49:34","guid":{"rendered":"https:\/\/spps.gob.ar\/?page_id=272"},"modified":"2025-05-13T18:12:45","modified_gmt":"2025-05-13T21:12:45","slug":"atencion-al-ciudadano","status":"publish","type":"page","link":"https:\/\/spps.gob.ar\/?page_id=272","title":{"rendered":"Atenci\u00f3n al Ciudadano"},"content":{"rendered":"\n<p>A cargo del nuevo sistema de control y admisi\u00f3n de visitantes, creado el <strong>24 de Noviembre del a\u00f1o 2016<\/strong>, siendo la Provincia de Salta la primera del pa\u00eds en utilizar este nuevo sistema que permitir\u00e1 la digitalizaci\u00f3n de informaci\u00f3n de todas las personas civiles: visitas, proveedores, letrados, etc, que deseen ingresar a la Unidad Penitenciaria N\u00b01, con la finalidad de llevar al d\u00eda registros de los mismos.<\/p>\n\n\n\n<figure class=\"wp-block-image alignright size-full is-resized\"><img loading=\"lazy\" decoding=\"async\" width=\"1024\" height=\"768\" src=\"https:\/\/spps.gob.ar\/wp-content\/uploads\/2024\/10\/oac-2.jpg\" alt=\"\" class=\"wp-image-276\" style=\"width:417px;height:auto\" srcset=\"https:\/\/spps.gob.ar\/wp-content\/uploads\/2024\/10\/oac-2.jpg 1024w, https:\/\/spps.gob.ar\/wp-content\/uploads\/2024\/10\/oac-2-300x225.jpg 300w, https:\/\/spps.gob.ar\/wp-content\/uploads\/2024\/10\/oac-2-768x576.jpg 768w\" sizes=\"auto, (max-width: 1024px) 100vw, 1024px\" \/><\/figure>\n\n\n\n<p>El objetivo principal de esta oficina es brindar informaci\u00f3n y contenci\u00f3n en relaci\u00f3n con procedimientos y tr\u00e1mites que son de incumbencia penitenciaria, as\u00ed como tambi\u00e9n guiar a las personas que requieran ingresar al penal.<\/p>\n\n\n\n<p>Desde la implementaci\u00f3n de la presente, y en busca de implementar un sistema que brinde una mayor seguridad al establecimiento, logrando con el mismo obtener informaci\u00f3n al instante de quien ingresa al penal, como as\u00ed tambi\u00e9n el tiempo de permanencia en el mismo, cantidad de veces que ingres\u00f3 y a qu\u00e9 \u00e1rea se dirige.<\/p>\n\n\n\n<p>De esta manera se ha logrado maximizar los controles&nbsp;ya que se ha logrado adquirir informaci\u00f3n con la finalidad de evitar dentro del interior del penal sucesos que atenten contra la seguridad institucional.<\/p>\n\n\n\n<p>Respecto al ingreso de las visitas, las mismas para poder acceder deben empadronarse, contando al d\u00eda de la fecha con un total de 39.456 personas empadronadas aproximadamente, logrando con esto agilizar el tiempo de espera de las visitas y brindando una mayor seguridad.<\/p>\n\n\n\n<p>Se destaca que el sector trabaja en forma diaria en agilizar y resolver las consultas que por diferentes motivos surgen por parte de los civiles, as\u00ed mismo que al brindar una atenci\u00f3n personalizada y eficaz, es posible poder intervenir en diferentes sucesos con la finalidad de prevenir ante un eventual hecho que ponga en vilo la seguridad del penal, de internos, visitas y terceros.<\/p>\n\n\n\n<p>La nueva modalidad de ingreso se encuentra en vigencia, por lo tanto las personas que deseen realizar visitas deber\u00e1n acercarse a la nueva oficina de atenci\u00f3n al ciudadano con su documentaci\u00f3n, donde se registraran en sistema para el control.<\/p>\n\n\n\n\n\n<div class=\"wp-block-columns are-vertically-aligned-center is-layout-flex wp-container-core-columns-is-layout-28f84493 wp-block-columns-is-layout-flex\">\n<div class=\"wp-block-column is-vertically-aligned-center is-layout-flow wp-block-column-is-layout-flow\"><\/div>\n\n\n\n<div class=\"wp-block-column is-vertically-aligned-center is-layout-flow wp-block-column-is-layout-flow\"><\/div>\n<\/div>\n","protected":false},"excerpt":{"rendered":"<p>A cargo del nuevo sistema de control y admisi\u00f3n de visitantes, creado el 24 de Noviembre del a\u00f1o 2016, siendo [&hellip;]<\/p>\n","protected":false},"author":1,"featured_media":0,"parent":0,"menu_order":0,"comment_status":"closed","ping_status":"closed","template":"","meta":{"_uag_custom_page_level_css":"","site-sidebar-layout":"default","site-content-layout":"","ast-site-content-layout":"default","site-content-style":"default","site-sidebar-style":"default","ast-global-header-display":"","ast-banner-title-visibility":"","ast-main-header-display":"","ast-hfb-above-header-display":"","ast-hfb-below-header-display":"","ast-hfb-mobile-header-display":"","site-post-title":"","ast-breadcrumbs-content":"","ast-featured-img":"","footer-sml-layout":"","ast-disable-related-posts":"","theme-transparent-header-meta":"","adv-header-id-meta":"","stick-header-meta":"","header-above-stick-meta":"","header-main-stick-meta":"","header-below-stick-meta":"","astra-migrate-meta-layouts":"default","ast-page-background-enabled":"default","ast-page-background-meta":{"desktop":{"background-color":"var(--ast-global-color-4)","background-image":"","background-repeat":"repeat","background-position":"center center","background-size":"auto","background-attachment":"scroll","background-type":"","background-media":"","overlay-type":"","overlay-color":"","overlay-opacity":"","overlay-gradient":""},"tablet":{"background-color":"","background-image":"","background-repeat":"repeat","background-position":"center center","background-size":"auto","background-attachment":"scroll","background-type":"","background-media":"","overlay-type":"","overlay-color":"","overlay-opacity":"","overlay-gradient":""},"mobile":{"background-color":"","background-image":"","background-repeat":"repeat","background-position":"center center","background-size":"auto","background-attachment":"scroll","background-type":"","background-media":"","overlay-type":"","overlay-color":"","overlay-opacity":"","overlay-gradient":""}},"ast-content-background-meta":{"desktop":{"background-color":"var(--ast-global-color-5)","background-image":"","background-repeat":"repeat","background-position":"center center","background-size":"auto","background-attachment":"scroll","background-type":"","background-media":"","overlay-type":"","overlay-color":"","overlay-opacity":"","overlay-gradient":""},"tablet":{"background-color":"var(--ast-global-color-5)","background-image":"","background-repeat":"repeat","background-position":"center center","background-size":"auto","background-attachment":"scroll","background-type":"","background-media":"","overlay-type":"","overlay-color":"","overlay-opacity":"","overlay-gradient":""},"mobile":{"background-color":"var(--ast-global-color-5)","background-image":"","background-repeat":"repeat","background-position":"center center","background-size":"auto","background-attachment":"scroll","background-type":"","background-media":"","overlay-type":"","overlay-color":"","overlay-opacity":"","overlay-gradient":""}},"footnotes":""},"class_list":["post-272","page","type-page","status-publish","hentry"],"uagb_featured_image_src":{"full":false,"thumbnail":false,"medium":false,"medium_large":false,"large":false,"1536x1536":false,"2048x2048":false},"uagb_author_info":{"display_name":"adminspps","author_link":"https:\/\/spps.gob.ar\/?author=1"},"uagb_comment_info":0,"uagb_excerpt":"A cargo del nuevo sistema de control y admisi\u00f3n de visitantes, creado el 24 de Noviembre del a\u00f1o 2016, siendo [&hellip;]","_links":{"self":[{"href":"https:\/\/spps.gob.ar\/index.php?rest_route=\/wp\/v2\/pages\/272","targetHints":{"allow":["GET"]}}],"collection":[{"href":"https:\/\/spps.gob.ar\/index.php?rest_route=\/wp\/v2\/pages"}],"about":[{"href":"https:\/\/spps.gob.ar\/index.php?rest_route=\/wp\/v2\/types\/page"}],"author":[{"embeddable":true,"href":"https:\/\/spps.gob.ar\/index.php?rest_route=\/wp\/v2\/users\/1"}],"replies":[{"embeddable":true,"href":"https:\/\/spps.gob.ar\/index.php?rest_route=%2Fwp%2Fv2%2Fcomments&post=272"}],"version-history":[{"count":14,"href":"https:\/\/spps.gob.ar\/index.php?rest_route=\/wp\/v2\/pages\/272\/revisions"}],"predecessor-version":[{"id":3452,"href":"https:\/\/spps.gob.ar\/index.php?rest_route=\/wp\/v2\/pages\/272\/revisions\/3452"}],"wp:attachment":[{"href":"https:\/\/spps.gob.ar\/index.php?rest_route=%2Fwp%2Fv2%2Fmedia&parent=272"}],"curies":[{"name":"wp","href":"https:\/\/api.w.org\/{rel}","templated":true}]}}