{"id":174,"date":"2024-10-17T12:23:00","date_gmt":"2024-10-17T15:23:00","guid":{"rendered":"https:\/\/spps.gob.ar\/?page_id=174"},"modified":"2026-04-14T19:25:36","modified_gmt":"2026-04-14T22:25:36","slug":"mision","status":"publish","type":"page","link":"https:\/\/spps.gob.ar\/?page_id=174","title":{"rendered":"Misi\u00f3n"},"content":{"rendered":"\n<div class=\"wp-block-columns has-ast-global-color-0-background-color has-background is-layout-flex wp-container-core-columns-is-layout-28f84493 wp-block-columns-is-layout-flex\">\n<div class=\"wp-block-column is-vertically-aligned-center has-white-color has-text-color has-link-color wp-elements-47b4ff32c5987b20fbb31b2848153094 is-layout-flow wp-block-column-is-layout-flow\">\n<p class=\"has-text-align-center has-medium-font-size\"><strong>LEY N\u00b0 5.639\/80 ORGANICA DEL SERVICIO PENITENCIARIO DE LA PROVINCIA <\/strong><\/p>\n\n\n\n<p class=\"has-text-align-center has-medium-font-size\"><strong>ARTICULO 1\u00ba<\/strong> &#8211; El Servicio Penitenciario es el organismo t\u00e9cnico de seguridad y defensa social que tiene a su cargo dependencias destinadas a la custodia y guarda de los internos procesados; la readaptaci\u00f3n social de los condenados a sanciones privativas de la libertad y el traslado de los internos entre establecimientos dependientes y de estos a los juzgados y\/o c\u00e1maras jurisdiccionales<\/p>\n<\/div>\n\n\n\n<div class=\"wp-block-column has-white-background-color has-background is-layout-flow wp-block-column-is-layout-flow\">\n<figure class=\"wp-block-image aligncenter size-full is-resized\"><img loading=\"lazy\" decoding=\"async\" width=\"635\" height=\"700\" src=\"https:\/\/spps.gob.ar\/wp-content\/uploads\/2025\/01\/image-1.png\" alt=\"\" class=\"wp-image-2201\" style=\"width:426px;height:auto\" srcset=\"https:\/\/spps.gob.ar\/wp-content\/uploads\/2025\/01\/image-1.png 635w, https:\/\/spps.gob.ar\/wp-content\/uploads\/2025\/01\/image-1-272x300.png 272w\" sizes=\"auto, (max-width: 635px) 100vw, 635px\" \/><\/figure>\n<\/div>\n<\/div>\n\n\n\n<p class=\"has-black-color has-text-color has-background has-link-color wp-elements-a27ea7f0a7f25213e909580b31399912\" style=\"background-color:#e6e6e6\"><strong>Funciones<\/strong><\/p>\n\n\n\n<p>Cumple una misi\u00f3n social: trabaja en un marco de legalidad, respetando la dignidad del hombre; en la asistencia y alojamiento de los privados de la libertad; la readaptaci\u00f3n y la recuperaci\u00f3n de la persona que ha delinquido; y su reinserci\u00f3n a la comunidad. Su funci\u00f3n en compleja e involucra distintas facetas:<\/p>\n\n\n\n<div class=\"wp-block-cover alignfull is-light hestia-clear-top-padding\" style=\"min-height:448px;aspect-ratio:unset;\"><span aria-hidden=\"true\" class=\"wp-block-cover__background has-white-background-color has-background-dim-100 has-background-dim\"><\/span><div class=\"wp-block-cover__inner-container is-layout-flow wp-block-cover-is-layout-flow\">\n<div class=\"wp-block-columns container is-layout-flex wp-container-core-columns-is-layout-28f84493 wp-block-columns-is-layout-flex\">\n<div class=\"wp-block-column is-layout-flow wp-block-column-is-layout-flow\">\n<h5 class=\"wp-block-heading has-text-align-center has-black-color has-text-color\" style=\"font-size:18px\">Seguridad<\/h5>\n\n\n\n<figure class=\"wp-block-image size-full is-resized\"><img loading=\"lazy\" decoding=\"async\" width=\"506\" height=\"497\" src=\"https:\/\/spps.gob.ar\/wp-content\/uploads\/2025\/01\/image-2.png\" alt=\"\" class=\"wp-image-2219\" style=\"aspect-ratio:1;object-fit:cover;width:316px;height:auto\" srcset=\"https:\/\/spps.gob.ar\/wp-content\/uploads\/2025\/01\/image-2.png 506w, https:\/\/spps.gob.ar\/wp-content\/uploads\/2025\/01\/image-2-300x295.png 300w\" sizes=\"auto, (max-width: 506px) 100vw, 506px\" \/><\/figure>\n\n\n\n<p class=\"has-text-align-left has-black-color has-text-color\" style=\"font-size:14px\">En todo traslado o desplazamiento del Interno fuera del Penal: Hospitales, Juzgados u otro lugar debidamente autorizado. Durante su permanencia en la Unidades penitenciarias, resguardando la integridad y salud f\u00edsica de las personas detenidas<\/p>\n\n\n\n<div style=\"height:30px\" aria-hidden=\"true\" class=\"wp-block-spacer\"><\/div>\n<\/div>\n\n\n\n<div class=\"wp-block-column is-layout-flow wp-block-column-is-layout-flow\">\n<h5 class=\"wp-block-heading has-text-align-center has-black-color has-text-color\" style=\"font-size:18px\">Asistencia<\/h5>\n\n\n\n<figure class=\"wp-block-image size-full is-resized\"><img loading=\"lazy\" decoding=\"async\" width=\"351\" height=\"286\" src=\"https:\/\/spps.gob.ar\/wp-content\/uploads\/2025\/01\/image-3.png\" alt=\"\" class=\"wp-image-2223\" style=\"aspect-ratio:1;object-fit:cover;width:317px;height:auto\" srcset=\"https:\/\/spps.gob.ar\/wp-content\/uploads\/2025\/01\/image-3.png 351w, https:\/\/spps.gob.ar\/wp-content\/uploads\/2025\/01\/image-3-300x244.png 300w\" sizes=\"auto, (max-width: 351px) 100vw, 351px\" \/><\/figure>\n\n\n\n<p class=\"has-text-align-left has-black-color has-text-color\" style=\"font-size:14px\">Se garantiza el acceso a los distintos niveles educativos: EGB, Polimodal, T\u00e9cnico y Superior. Asimismo, se promueven actividades culturales, recreativas y deportivas, orientadas tanto a la formaci\u00f3n como al esparcimiento. Se brinda acompa\u00f1amiento espiritual, respetando la libertad de culto. Adem\u00e1s, se adoptan medidas para preservar la salud psico-f\u00edsica de las personas privadas de libertad. En cuanto a las problem\u00e1ticas de consumo, se implementan tratamientos espec\u00edficos a trav\u00e9s del Programa Puerta (drogodependencia) y el Grupo Nueva Esperanza (alcoholismo).<\/p>\n\n\n\n<div style=\"height:0px\" aria-hidden=\"true\" class=\"wp-block-spacer\"><\/div>\n<\/div>\n\n\n\n<div class=\"wp-block-column is-layout-flow wp-block-column-is-layout-flow\">\n<h5 class=\"wp-block-heading has-text-align-center has-black-color has-text-color\" style=\"font-size:18px\">Trabajo<\/h5>\n\n\n\n<figure class=\"wp-block-image size-full is-resized\"><img loading=\"lazy\" decoding=\"async\" width=\"506\" height=\"453\" src=\"https:\/\/spps.gob.ar\/wp-content\/uploads\/2025\/01\/image-4.png\" alt=\"\" class=\"wp-image-2225\" style=\"aspect-ratio:1;object-fit:cover;width:314px;height:auto\" srcset=\"https:\/\/spps.gob.ar\/wp-content\/uploads\/2025\/01\/image-4.png 506w, https:\/\/spps.gob.ar\/wp-content\/uploads\/2025\/01\/image-4-300x269.png 300w\" sizes=\"auto, (max-width: 506px) 100vw, 506px\" \/><\/figure>\n\n\n\n<p class=\"has-text-align-left has-black-color has-text-color\" style=\"font-size:14px\">Las personas privada de su libertad en estos establecimiento penitenciario pueden acceder a los distintos Talleres del Complejo Industrial (carpinter\u00eda, imprenta, electricidad, entre otros) con el objetivo de aprender un oficio y recibir una asignaci\u00f3n m\u00ednima mensual. El trabajo cumple una funci\u00f3n de laborterapia, orientada a la capacitaci\u00f3n para la posterior reinserci\u00f3n social. Los Talleres Penitenciarios tambi\u00e9n pueden realizar trabajos para el hogar, negocios o empresas. Al adquirir estos productos, la comunidad colabora con la formaci\u00f3n, el tratamiento y la reintegraci\u00f3n de quienes se encuentran en contexto de encierro.<\/p>\n\n\n\n<div style=\"height:0px\" aria-hidden=\"true\" class=\"wp-block-spacer\"><\/div>\n<\/div>\n<\/div>\n\n\n\n<div style=\"height:0px\" aria-hidden=\"true\" class=\"wp-block-spacer\"><\/div>\n<\/div><\/div>\n","protected":false},"excerpt":{"rendered":"<p>LEY N\u00b0 5.639\/80 ORGANICA DEL SERVICIO PENITENCIARIO DE LA PROVINCIA ARTICULO 1\u00ba &#8211; El Servicio Penitenciario es el organismo t\u00e9cnico [&hellip;]<\/p>\n","protected":false},"author":1,"featured_media":0,"parent":0,"menu_order":0,"comment_status":"closed","ping_status":"closed","template":"","meta":{"_uag_custom_page_level_css":"","site-sidebar-layout":"default","site-content-layout":"","ast-site-content-layout":"default","site-content-style":"default","site-sidebar-style":"default","ast-global-header-display":"","ast-banner-title-visibility":"","ast-main-header-display":"","ast-hfb-above-header-display":"","ast-hfb-below-header-display":"","ast-hfb-mobile-header-display":"","site-post-title":"","ast-breadcrumbs-content":"","ast-featured-img":"","footer-sml-layout":"","ast-disable-related-posts":"","theme-transparent-header-meta":"","adv-header-id-meta":"","stick-header-meta":"","header-above-stick-meta":"","header-main-stick-meta":"","header-below-stick-meta":"","astra-migrate-meta-layouts":"default","ast-page-background-enabled":"default","ast-page-background-meta":{"desktop":{"background-color":"var(--ast-global-color-4)","background-image":"","background-repeat":"repeat","background-position":"center center","background-size":"auto","background-attachment":"scroll","background-type":"","background-media":"","overlay-type":"","overlay-color":"","overlay-opacity":"","overlay-gradient":""},"tablet":{"background-color":"","background-image":"","background-repeat":"repeat","background-position":"center center","background-size":"auto","background-attachment":"scroll","background-type":"","background-media":"","overlay-type":"","overlay-color":"","overlay-opacity":"","overlay-gradient":""},"mobile":{"background-color":"","background-image":"","background-repeat":"repeat","background-position":"center center","background-size":"auto","background-attachment":"scroll","background-type":"","background-media":"","overlay-type":"","overlay-color":"","overlay-opacity":"","overlay-gradient":""}},"ast-content-background-meta":{"desktop":{"background-color":"var(--ast-global-color-5)","background-image":"","background-repeat":"repeat","background-position":"center center","background-size":"auto","background-attachment":"scroll","background-type":"","background-media":"","overlay-type":"","overlay-color":"","overlay-opacity":"","overlay-gradient":""},"tablet":{"background-color":"var(--ast-global-color-5)","background-image":"","background-repeat":"repeat","background-position":"center center","background-size":"auto","background-attachment":"scroll","background-type":"","background-media":"","overlay-type":"","overlay-color":"","overlay-opacity":"","overlay-gradient":""},"mobile":{"background-color":"var(--ast-global-color-5)","background-image":"","background-repeat":"repeat","background-position":"center center","background-size":"auto","background-attachment":"scroll","background-type":"","background-media":"","overlay-type":"","overlay-color":"","overlay-opacity":"","overlay-gradient":""}},"footnotes":""},"class_list":["post-174","page","type-page","status-publish","hentry"],"uagb_featured_image_src":{"full":false,"thumbnail":false,"medium":false,"medium_large":false,"large":false,"1536x1536":false,"2048x2048":false},"uagb_author_info":{"display_name":"adminspps","author_link":"https:\/\/spps.gob.ar\/?author=1"},"uagb_comment_info":0,"uagb_excerpt":"LEY N\u00b0 5.639\/80 ORGANICA DEL SERVICIO PENITENCIARIO DE LA PROVINCIA ARTICULO 1\u00ba &#8211; El Servicio Penitenciario es el organismo t\u00e9cnico [&hellip;]","_links":{"self":[{"href":"https:\/\/spps.gob.ar\/index.php?rest_route=\/wp\/v2\/pages\/174","targetHints":{"allow":["GET"]}}],"collection":[{"href":"https:\/\/spps.gob.ar\/index.php?rest_route=\/wp\/v2\/pages"}],"about":[{"href":"https:\/\/spps.gob.ar\/index.php?rest_route=\/wp\/v2\/types\/page"}],"author":[{"embeddable":true,"href":"https:\/\/spps.gob.ar\/index.php?rest_route=\/wp\/v2\/users\/1"}],"replies":[{"embeddable":true,"href":"https:\/\/spps.gob.ar\/index.php?rest_route=%2Fwp%2Fv2%2Fcomments&post=174"}],"version-history":[{"count":27,"href":"https:\/\/spps.gob.ar\/index.php?rest_route=\/wp\/v2\/pages\/174\/revisions"}],"predecessor-version":[{"id":5124,"href":"https:\/\/spps.gob.ar\/index.php?rest_route=\/wp\/v2\/pages\/174\/revisions\/5124"}],"wp:attachment":[{"href":"https:\/\/spps.gob.ar\/index.php?rest_route=%2Fwp%2Fv2%2Fmedia&parent=174"}],"curies":[{"name":"wp","href":"https:\/\/api.w.org\/{rel}","templated":true}]}}